{"id":350,"date":"2023-11-17T00:02:59","date_gmt":"2023-11-17T03:02:59","guid":{"rendered":"https:\/\/voraxlubrificantes.com.br\/?page_id=350"},"modified":"2024-04-28T22:49:26","modified_gmt":"2024-04-29T01:49:26","slug":"o-lubrificante","status":"publish","type":"page","link":"https:\/\/voraxlubrificantes.com.br\/en\/o-lubrificante\/","title":{"rendered":"O Lubrificante"},"content":{"rendered":"<div data-elementor-type=\"wp-page\" data-elementor-id=\"350\" class=\"elementor elementor-350\">\n\t\t\t\t<div class=\"elementor-element elementor-element-cbb39af e-flex e-con-boxed e-con e-parent\" data-id=\"cbb39af\" data-element_type=\"container\" data-settings=\"{&quot;background_background&quot;:&quot;classic&quot;}\">\n\t\t\t\t\t<div class=\"e-con-inner\">\n\t\t\t\t<div class=\"elementor-element elementor-element-9b081fb animated-slow elementor-invisible elementor-widget elementor-widget-heading\" data-id=\"9b081fb\" data-element_type=\"widget\" data-settings=\"{&quot;_animation&quot;:&quot;fadeInRight&quot;,&quot;_animation_tablet&quot;:&quot;fadeIn&quot;}\" data-widget_type=\"heading.default\">\n\t\t\t\t<div class=\"elementor-widget-container\">\n\t\t\t<style>\/*! elementor - v3.21.0 - 08-05-2024 *\/\n.elementor-heading-title{padding:0;margin:0;line-height:1}.elementor-widget-heading .elementor-heading-title[class*=elementor-size-]>a{color:inherit;font-size:inherit;line-height:inherit}.elementor-widget-heading .elementor-heading-title.elementor-size-small{font-size:15px}.elementor-widget-heading .elementor-heading-title.elementor-size-medium{font-size:19px}.elementor-widget-heading .elementor-heading-title.elementor-size-large{font-size:29px}.elementor-widget-heading .elementor-heading-title.elementor-size-xl{font-size:39px}.elementor-widget-heading .elementor-heading-title.elementor-size-xxl{font-size:59px}<\/style><h2 class=\"elementor-heading-title elementor-size-default\">O Lubrificante<\/h2>\t\t<\/div>\n\t\t\t\t<\/div>\n\t\t\t\t\t<\/div>\n\t\t\t\t<\/div>\n\t\t<div class=\"elementor-element elementor-element-2495357 e-flex e-con-boxed e-con e-parent\" data-id=\"2495357\" data-element_type=\"container\" data-settings=\"{&quot;background_background&quot;:&quot;classic&quot;}\">\n\t\t\t\t\t<div class=\"e-con-inner\">\n\t\t\t\t<div class=\"elementor-element elementor-element-574fa23 elementor-widget elementor-widget-text-editor\" data-id=\"574fa23\" data-element_type=\"widget\" data-widget_type=\"text-editor.default\">\n\t\t\t\t<div class=\"elementor-widget-container\">\n\t\t\t<style>\/*! elementor - v3.21.0 - 08-05-2024 *\/\n.elementor-widget-text-editor.elementor-drop-cap-view-stacked .elementor-drop-cap{background-color:#69727d;color:#fff}.elementor-widget-text-editor.elementor-drop-cap-view-framed .elementor-drop-cap{color:#69727d;border:3px solid;background-color:transparent}.elementor-widget-text-editor:not(.elementor-drop-cap-view-default) .elementor-drop-cap{margin-top:8px}.elementor-widget-text-editor:not(.elementor-drop-cap-view-default) .elementor-drop-cap-letter{width:1em;height:1em}.elementor-widget-text-editor .elementor-drop-cap{float:left;text-align:center;line-height:1;font-size:50px}.elementor-widget-text-editor .elementor-drop-cap-letter{display:inline-block}<\/style>\t\t\t\t<p>Fundada em 2000, a <strong>ENERGIS 8 Brasil<\/strong> nasceu com a miss\u00e3o de ser especialista!<\/p><p>Atuando na comercializa\u00e7\u00e3o de \u00f3leos lubrificantes automotivos e industriais, nossa equipe vem expandindo as redes produtivas e investindo nos mais diversos setores do segmento do petr\u00f3leo.<\/p><p>Nosso comprometimento com a qualidade reflete no certificado ABNT NBR ISO 9001:2015, e no nascimento da linha de lubrificantes automobil\u00edsticos <strong>VORAX<\/strong>, onde entregamos tecnologia de ponta, prote\u00e7\u00e3o e resist\u00eancia para que o motor trabalhe com toda a pot\u00eancia.<\/p><p>A linha <strong>VORAX<\/strong> foi elaborada e produzida seguindo os mais r\u00edgidos padr\u00f5es de qualidade da ind\u00fastria automobil\u00edstica. Desenvolvido com componentes de alta performance, o lubrificante garante a maior durabilidade do motor, al\u00e9m de melhorar o seu desempenho e proporcionar um menor consumo de combust\u00edvel.<\/p><p>Atendendo normas de montadoras e importadores nacionais e internacionais, a linha leva o que h\u00e1 de mais moderno e tecnol\u00f3gico no mercado brasileiro.<\/p><p>O uso do lubrificante correto \u00e9 essencial para a prote\u00e7\u00e3o das partes internas do motor. Muito al\u00e9m de escolher o certo, investir em um produto produzido com garantia de qualidade traz a seguran\u00e7a que voc\u00ea busca para o seu ve\u00edculo.<\/p><p><strong>Conhe\u00e7a nossa linha completa de lubrificantes e escolha a prote\u00e7\u00e3o que o seu motor precisa!<\/strong><\/p>\t\t\t\t\t\t<\/div>\n\t\t\t\t<\/div>\n\t\t\t\t<div class=\"elementor-element elementor-element-0248b1f elementor-widget elementor-widget-image\" data-id=\"0248b1f\" data-element_type=\"widget\" data-widget_type=\"image.default\">\n\t\t\t\t<div class=\"elementor-widget-container\">\n\t\t\t<style>\/*! elementor - v3.21.0 - 08-05-2024 *\/\n.elementor-widget-image{text-align:center}.elementor-widget-image a{display:inline-block}.elementor-widget-image a img[src$=\".svg\"]{width:48px}.elementor-widget-image img{vertical-align:middle;display:inline-block}<\/style>\t\t\t\t\t\t\t\t\t\t<img fetchpriority=\"high\" decoding=\"async\" width=\"1200\" height=\"406\" src=\"https:\/\/voraxlubrificantes.com.br\/wp-content\/uploads\/2023\/11\/img-institucional.jpg\" class=\"attachment-full size-full wp-image-599\" alt=\"Energis 8 Sede\" srcset=\"https:\/\/voraxlubrificantes.com.br\/wp-content\/uploads\/2023\/11\/img-institucional.jpg 1200w, https:\/\/voraxlubrificantes.com.br\/wp-content\/uploads\/2023\/11\/img-institucional-600x203.jpg 600w, https:\/\/voraxlubrificantes.com.br\/wp-content\/uploads\/2023\/11\/img-institucional-64x22.jpg 64w, https:\/\/voraxlubrificantes.com.br\/wp-content\/uploads\/2023\/11\/img-institucional-300x102.jpg 300w, https:\/\/voraxlubrificantes.com.br\/wp-content\/uploads\/2023\/11\/img-institucional-1024x346.jpg 1024w, https:\/\/voraxlubrificantes.com.br\/wp-content\/uploads\/2023\/11\/img-institucional-768x260.jpg 768w, https:\/\/voraxlubrificantes.com.br\/wp-content\/uploads\/2023\/11\/img-institucional-18x6.jpg 18w, https:\/\/voraxlubrificantes.com.br\/wp-content\/uploads\/2023\/11\/img-institucional-200x68.jpg 200w\" sizes=\"(max-width: 1200px) 100vw, 1200px\" \/>\t\t\t\t\t\t\t\t\t\t\t\t\t<\/div>\n\t\t\t\t<\/div>\n\t\t\t\t\t<\/div>\n\t\t\t\t<\/div>\n\t\t\t\t<\/div>","protected":false},"excerpt":{"rendered":"<p>O Lubrificante Fundada em 2000, a ENERGIS 8 Brasil nasceu com a miss\u00e3o de ser especialista! Atuando na comercializa\u00e7\u00e3o de \u00f3leos lubrificantes automotivos e industriais, nossa equipe vem expandindo as redes produtivas e investindo nos mais diversos setores do segmento do petr\u00f3leo. Nosso comprometimento com a qualidade reflete no certificado ABNT NBR ISO 9001:2015, e&hellip;&nbsp;<a href=\"https:\/\/voraxlubrificantes.com.br\/en\/o-lubrificante\/\" class=\"\" rel=\"bookmark\">Read More &raquo;<span class=\"screen-reader-text\">O Lubrificante<\/span><\/a><\/p>","protected":false},"author":1,"featured_media":0,"parent":0,"menu_order":0,"comment_status":"closed","ping_status":"closed","template":"page-templates\/template-pagebuilder-full-width.php","meta":{"neve_meta_sidebar":"","neve_meta_container":"","neve_meta_enable_content_width":"","neve_meta_content_width":0,"neve_meta_title_alignment":"","neve_meta_author_avatar":"","neve_post_elements_order":"","neve_meta_disable_header":"","neve_meta_disable_footer":"","neve_meta_disable_title":"","footnotes":""},"class_list":["post-350","page","type-page","status-publish","hentry"],"_links":{"self":[{"href":"https:\/\/voraxlubrificantes.com.br\/en\/wp-json\/wp\/v2\/pages\/350","targetHints":{"allow":["GET"]}}],"collection":[{"href":"https:\/\/voraxlubrificantes.com.br\/en\/wp-json\/wp\/v2\/pages"}],"about":[{"href":"https:\/\/voraxlubrificantes.com.br\/en\/wp-json\/wp\/v2\/types\/page"}],"author":[{"embeddable":true,"href":"https:\/\/voraxlubrificantes.com.br\/en\/wp-json\/wp\/v2\/users\/1"}],"replies":[{"embeddable":true,"href":"https:\/\/voraxlubrificantes.com.br\/en\/wp-json\/wp\/v2\/comments?post=350"}],"version-history":[{"count":65,"href":"https:\/\/voraxlubrificantes.com.br\/en\/wp-json\/wp\/v2\/pages\/350\/revisions"}],"predecessor-version":[{"id":2973,"href":"https:\/\/voraxlubrificantes.com.br\/en\/wp-json\/wp\/v2\/pages\/350\/revisions\/2973"}],"wp:attachment":[{"href":"https:\/\/voraxlubrificantes.com.br\/en\/wp-json\/wp\/v2\/media?parent=350"}],"curies":[{"name":"wp","href":"https:\/\/api.w.org\/{rel}","templated":true}]}}