{"id":825,"date":"2023-11-29T20:45:48","date_gmt":"2023-11-29T23:45:48","guid":{"rendered":"https:\/\/voraxlubrificantes.com.br\/?page_id=825"},"modified":"2024-04-30T08:18:57","modified_gmt":"2024-04-30T11:18:57","slug":"noticias","status":"publish","type":"page","link":"https:\/\/voraxlubrificantes.com.br\/en\/noticias\/","title":{"rendered":"News"},"content":{"rendered":"<div data-elementor-type=\"wp-page\" data-elementor-id=\"825\" class=\"elementor elementor-825\">\n\t\t\t\t<div class=\"elementor-element elementor-element-12c93af e-flex e-con-boxed e-con e-parent\" data-id=\"12c93af\" data-element_type=\"container\" data-settings=\"{&quot;background_background&quot;:&quot;classic&quot;}\">\n\t\t\t\t\t<div class=\"e-con-inner\">\n\t\t\t\t\t<\/div>\n\t\t\t\t<\/div>\n\t\t<div class=\"elementor-element elementor-element-2495357 e-flex e-con-boxed e-con e-parent\" data-id=\"2495357\" data-element_type=\"container\" data-settings=\"{&quot;background_background&quot;:&quot;classic&quot;}\">\n\t\t\t\t\t<div class=\"e-con-inner\">\n\t\t\t\t<div class=\"elementor-element elementor-element-4f8efd5 elementor-widget elementor-widget-heading\" data-id=\"4f8efd5\" data-element_type=\"widget\" data-widget_type=\"heading.default\">\n\t\t\t\t<div class=\"elementor-widget-container\">\n\t\t\t<style>\/*! elementor - v3.21.0 - 08-05-2024 *\/\n.elementor-heading-title{padding:0;margin:0;line-height:1}.elementor-widget-heading .elementor-heading-title[class*=elementor-size-]>a{color:inherit;font-size:inherit;line-height:inherit}.elementor-widget-heading .elementor-heading-title.elementor-size-small{font-size:15px}.elementor-widget-heading .elementor-heading-title.elementor-size-medium{font-size:19px}.elementor-widget-heading .elementor-heading-title.elementor-size-large{font-size:29px}.elementor-widget-heading .elementor-heading-title.elementor-size-xl{font-size:39px}.elementor-widget-heading .elementor-heading-title.elementor-size-xxl{font-size:59px}<\/style><h2 class=\"elementor-heading-title elementor-size-default\">News<\/h2>\t\t<\/div>\n\t\t\t\t<\/div>\n\t\t\t\t<div class=\"elementor-element elementor-element-01972b8 premium-blog-align-left elementor-widget elementor-widget-premium-addon-blog\" data-id=\"01972b8\" data-element_type=\"widget\" data-settings=\"{&quot;force_height&quot;:&quot;true&quot;,&quot;premium_blog_columns_number&quot;:&quot;100%&quot;,&quot;premium_blog_grid&quot;:&quot;yes&quot;,&quot;premium_blog_layout&quot;:&quot;even&quot;,&quot;premium_blog_columns_number_tablet&quot;:&quot;50%&quot;,&quot;premium_blog_columns_number_mobile&quot;:&quot;100%&quot;,&quot;scroll_to_offset&quot;:&quot;yes&quot;}\" data-widget_type=\"premium-addon-blog.default\">\n\t\t\t\t<div class=\"elementor-widget-container\">\n\t\t\t\n\t\t\t\t<div class=\"premium-blog-wrap  premium-blog-even\" data-page=\"825\" data-pagination=\"true\">\n\t\t\t\t\t<div class=\"premium-blog-post-outer-container\" data-total=\"12\">\n\t\t\t<div class=\"premium-blog-post-container premium-blog-skin-side\">\n\t\t\t\t\t\t\t\t\t<div class=\"premium-blog-thumb-effect-wrapper\">\n\t\t\t\t\t\t<div class=\"premium-blog-thumbnail-container premium-blog-zoomin-effect\">\n\t\t\t\t\t\t\t<img fetchpriority=\"high\" decoding=\"async\" width=\"930\" height=\"630\" src=\"https:\/\/voraxlubrificantes.com.br\/wp-content\/uploads\/2026\/03\/Vorax_11.03_Blog.png\" class=\"attachment-full size-full wp-image-3378\" alt=\"\" srcset=\"https:\/\/voraxlubrificantes.com.br\/wp-content\/uploads\/2026\/03\/Vorax_11.03_Blog.png 930w, https:\/\/voraxlubrificantes.com.br\/wp-content\/uploads\/2026\/03\/Vorax_11.03_Blog-300x203.png 300w, https:\/\/voraxlubrificantes.com.br\/wp-content\/uploads\/2026\/03\/Vorax_11.03_Blog-768x520.png 768w, https:\/\/voraxlubrificantes.com.br\/wp-content\/uploads\/2026\/03\/Vorax_11.03_Blog-18x12.png 18w, https:\/\/voraxlubrificantes.com.br\/wp-content\/uploads\/2026\/03\/Vorax_11.03_Blog-200x135.png 200w, https:\/\/voraxlubrificantes.com.br\/wp-content\/uploads\/2026\/03\/Vorax_11.03_Blog-600x406.png 600w, https:\/\/voraxlubrificantes.com.br\/wp-content\/uploads\/2026\/03\/Vorax_11.03_Blog-64x43.png 64w\" sizes=\"(max-width: 930px) 100vw, 930px\" \/>\t\t\t\t\t\t<\/div>\n\t\t\t\t\t\t\t\t\t\t\t\t\t<div class=\"premium-blog-thumbnail-overlay\">\n\t\t\t\t\t\t\t\t<a class=\"elementor-icon\" href=\"https:\/\/voraxlubrificantes.com.br\/en\/aplicativos-de-mobilidade-e-o-aumento-na-demanda-por-manutencao-o-impacto-direto-nas-trocas-de-lubrificantes\/\" target=\"_self\" aria-hidden=\"true\"><span>Aplicativos de mobilidade e o aumento na demanda por manuten\u00e7\u00e3o: o impacto direto nas trocas de lubrificantes<\/span><\/a>\n\t\t\t\t\t\t\t<\/div>\n\n\t\t\t\t\t\t\t\t\t\t\t\t\t\t\t\t\t\t<\/div>\n\t\t\t\t\t\t\t\t\t\t\t\t<div class=\"premium-blog-content-wrapper\">\n\n\t\t\t\t\t<div class=\"premium-blog-inner-container\">\n\n\t\t\t\t\t\t\t\t\t\t\t\t\t\t<h2 class=\"premium-blog-entry-title\">\n\t\t\t<a href=\"https:\/\/voraxlubrificantes.com.br\/en\/aplicativos-de-mobilidade-e-o-aumento-na-demanda-por-manutencao-o-impacto-direto-nas-trocas-de-lubrificantes\/\" target=\"_self\">\n\t\t\t\tAplicativos de mobilidade e o aumento na demanda por manuten\u00e7\u00e3o: o impacto direto nas trocas de lubrificantes\t\t\t<\/a>\n\t\t<\/h2>\n\t\t\t\t<div class=\"premium-blog-entry-meta\">\n\t\t\t\n\t\t\t\t\t\t\t<span class=\"premium-blog-meta-separator\">\u2022<\/span>\n\t\t\t\t<div class=\"premium-blog-post-time premium-blog-meta-data\">\n\t\t\t\t\t<i class=\"fa fa-calendar-alt\" aria-hidden=\"true\"><\/i>\n\t\t\t\t\t<span>10 de March de 2026<\/span>\n\t\t\t\t<\/div>\n\t\t\t\n\t\t\t\n\t\t\t\t\t<\/div>\n\t\t\n\t\t\t\t\t<\/div>\n\n\t\t\t\t\t\t\t<div class=\"premium-blog-content-inner-wrapper\">\n\t\t<p class=\"premium-blog-post-content\">O crescimento dos aplicativos de mobilidade aumentou significativamente a quilometragem m\u00e9dia dos ve\u00edculos no Brasil. Entenda como isso impacta a manuten\u00e7\u00e3o e a demanda por lubrificantes, e o que lojistas, oficinas e distribuidores precisam considerar.<\/p>\t\t<\/div>\n\t\t\t\t\t\t\t\n\t\t\t\t<\/div>\n\t\t\t<\/div>\n\t\t<\/div>\n\n\t\t\t\t<div class=\"premium-blog-post-outer-container\" data-total=\"12\">\n\t\t\t<div class=\"premium-blog-post-container premium-blog-skin-side\">\n\t\t\t\t\t\t\t\t\t<div class=\"premium-blog-thumb-effect-wrapper\">\n\t\t\t\t\t\t<div class=\"premium-blog-thumbnail-container premium-blog-zoomin-effect\">\n\t\t\t\t\t\t\t<img decoding=\"async\" width=\"930\" height=\"630\" src=\"https:\/\/voraxlubrificantes.com.br\/wp-content\/uploads\/2026\/02\/Vorax_12.02_Blog.png\" class=\"attachment-full size-full wp-image-3374\" alt=\"\" srcset=\"https:\/\/voraxlubrificantes.com.br\/wp-content\/uploads\/2026\/02\/Vorax_12.02_Blog.png 930w, https:\/\/voraxlubrificantes.com.br\/wp-content\/uploads\/2026\/02\/Vorax_12.02_Blog-300x203.png 300w, https:\/\/voraxlubrificantes.com.br\/wp-content\/uploads\/2026\/02\/Vorax_12.02_Blog-768x520.png 768w, https:\/\/voraxlubrificantes.com.br\/wp-content\/uploads\/2026\/02\/Vorax_12.02_Blog-18x12.png 18w, https:\/\/voraxlubrificantes.com.br\/wp-content\/uploads\/2026\/02\/Vorax_12.02_Blog-200x135.png 200w, https:\/\/voraxlubrificantes.com.br\/wp-content\/uploads\/2026\/02\/Vorax_12.02_Blog-600x406.png 600w, https:\/\/voraxlubrificantes.com.br\/wp-content\/uploads\/2026\/02\/Vorax_12.02_Blog-64x43.png 64w\" sizes=\"(max-width: 930px) 100vw, 930px\" \/>\t\t\t\t\t\t<\/div>\n\t\t\t\t\t\t\t\t\t\t\t\t\t<div class=\"premium-blog-thumbnail-overlay\">\n\t\t\t\t\t\t\t\t<a class=\"elementor-icon\" href=\"https:\/\/voraxlubrificantes.com.br\/en\/veiculos-hibridos-e-suvs-seguem-em-alta-e-o-que-isso-muda-para-as-trocas-de-oleo\/\" target=\"_self\" aria-hidden=\"true\"><span>Ve\u00edculos h\u00edbridos e SUVs seguem em alta e o que isso muda para as trocas de \u00f3leo?<\/span><\/a>\n\t\t\t\t\t\t\t<\/div>\n\n\t\t\t\t\t\t\t\t\t\t\t\t\t\t\t\t\t\t<\/div>\n\t\t\t\t\t\t\t\t\t\t\t\t<div class=\"premium-blog-content-wrapper\">\n\n\t\t\t\t\t<div class=\"premium-blog-inner-container\">\n\n\t\t\t\t\t\t\t\t\t\t\t\t\t\t<h2 class=\"premium-blog-entry-title\">\n\t\t\t<a href=\"https:\/\/voraxlubrificantes.com.br\/en\/veiculos-hibridos-e-suvs-seguem-em-alta-e-o-que-isso-muda-para-as-trocas-de-oleo\/\" target=\"_self\">\n\t\t\t\tVe\u00edculos h\u00edbridos e SUVs seguem em alta e o que isso muda para as trocas de \u00f3leo?\t\t\t<\/a>\n\t\t<\/h2>\n\t\t\t\t<div class=\"premium-blog-entry-meta\">\n\t\t\t\n\t\t\t\t\t\t\t<span class=\"premium-blog-meta-separator\">\u2022<\/span>\n\t\t\t\t<div class=\"premium-blog-post-time premium-blog-meta-data\">\n\t\t\t\t\t<i class=\"fa fa-calendar-alt\" aria-hidden=\"true\"><\/i>\n\t\t\t\t\t<span>10 de February de 2026<\/span>\n\t\t\t\t<\/div>\n\t\t\t\n\t\t\t\n\t\t\t\t\t<\/div>\n\t\t\n\t\t\t\t\t<\/div>\n\n\t\t\t\t\t\t\t<div class=\"premium-blog-content-inner-wrapper\">\n\t\t<p class=\"premium-blog-post-content\">SUVs e h\u00edbridos dominam o mercado brasileiro e transformam as exig\u00eancias de lubrifica\u00e7\u00e3o. Descubra o que muda nas trocas de \u00f3leo e como se preparar para a frota mista.<\/p>\t\t<\/div>\n\t\t\t\t\t\t\t\n\t\t\t\t<\/div>\n\t\t\t<\/div>\n\t\t<\/div>\n\n\t\t\t\t<div class=\"premium-blog-post-outer-container\" data-total=\"12\">\n\t\t\t<div class=\"premium-blog-post-container premium-blog-skin-side\">\n\t\t\t\t\t\t\t\t\t<div class=\"premium-blog-thumb-effect-wrapper\">\n\t\t\t\t\t\t<div class=\"premium-blog-thumbnail-container premium-blog-zoomin-effect\">\n\t\t\t\t\t\t\t<img decoding=\"async\" width=\"930\" height=\"630\" src=\"https:\/\/voraxlubrificantes.com.br\/wp-content\/uploads\/2026\/01\/Vorax_15.01_Blog.png\" class=\"attachment-full size-full wp-image-3370\" alt=\"\" srcset=\"https:\/\/voraxlubrificantes.com.br\/wp-content\/uploads\/2026\/01\/Vorax_15.01_Blog.png 930w, https:\/\/voraxlubrificantes.com.br\/wp-content\/uploads\/2026\/01\/Vorax_15.01_Blog-300x203.png 300w, https:\/\/voraxlubrificantes.com.br\/wp-content\/uploads\/2026\/01\/Vorax_15.01_Blog-768x520.png 768w, https:\/\/voraxlubrificantes.com.br\/wp-content\/uploads\/2026\/01\/Vorax_15.01_Blog-18x12.png 18w, https:\/\/voraxlubrificantes.com.br\/wp-content\/uploads\/2026\/01\/Vorax_15.01_Blog-200x135.png 200w, https:\/\/voraxlubrificantes.com.br\/wp-content\/uploads\/2026\/01\/Vorax_15.01_Blog-600x406.png 600w, https:\/\/voraxlubrificantes.com.br\/wp-content\/uploads\/2026\/01\/Vorax_15.01_Blog-64x43.png 64w\" sizes=\"(max-width: 930px) 100vw, 930px\" \/>\t\t\t\t\t\t<\/div>\n\t\t\t\t\t\t\t\t\t\t\t\t\t<div class=\"premium-blog-thumbnail-overlay\">\n\t\t\t\t\t\t\t\t<a class=\"elementor-icon\" href=\"https:\/\/voraxlubrificantes.com.br\/en\/radar-automotivo-2026-o-que-esperar-do-mercado-de-lubrificantes-neste-ano\/\" target=\"_self\" aria-hidden=\"true\"><span>Radar Automotivo 2026: o que esperar do mercado de lubrificantes neste ano?<\/span><\/a>\n\t\t\t\t\t\t\t<\/div>\n\n\t\t\t\t\t\t\t\t\t\t\t\t\t\t\t\t\t\t<\/div>\n\t\t\t\t\t\t\t\t\t\t\t\t<div class=\"premium-blog-content-wrapper\">\n\n\t\t\t\t\t<div class=\"premium-blog-inner-container\">\n\n\t\t\t\t\t\t\t\t\t\t\t\t\t\t<h2 class=\"premium-blog-entry-title\">\n\t\t\t<a href=\"https:\/\/voraxlubrificantes.com.br\/en\/radar-automotivo-2026-o-que-esperar-do-mercado-de-lubrificantes-neste-ano\/\" target=\"_self\">\n\t\t\t\tRadar Automotivo 2026: o que esperar do mercado de lubrificantes neste ano?\t\t\t<\/a>\n\t\t<\/h2>\n\t\t\t\t<div class=\"premium-blog-entry-meta\">\n\t\t\t\n\t\t\t\t\t\t\t<span class=\"premium-blog-meta-separator\">\u2022<\/span>\n\t\t\t\t<div class=\"premium-blog-post-time premium-blog-meta-data\">\n\t\t\t\t\t<i class=\"fa fa-calendar-alt\" aria-hidden=\"true\"><\/i>\n\t\t\t\t\t<span>12 de January de 2026<\/span>\n\t\t\t\t<\/div>\n\t\t\t\n\t\t\t\n\t\t\t\t\t<\/div>\n\t\t\n\t\t\t\t\t<\/div>\n\n\t\t\t\t\t\t\t<div class=\"premium-blog-content-inner-wrapper\">\n\t\t<p class=\"premium-blog-post-content\">O mercado automotivo entra em 2026 com crescimento das frotas leves, avan\u00e7o dos ve\u00edculos h\u00edbridos e maior exig\u00eancia t\u00e9cnica nos lubrificantes. Veja as tend\u00eancias que v\u00e3o impactar oficinas, distribuidores e consumidores e como a VORAX se posiciona nesse cen\u00e1rio.<\/p>\t\t<\/div>\n\t\t\t\t\t\t\t\n\t\t\t\t<\/div>\n\t\t\t<\/div>\n\t\t<\/div>\n\n\t\t\t\t<div class=\"premium-blog-post-outer-container\" data-total=\"12\">\n\t\t\t<div class=\"premium-blog-post-container premium-blog-skin-side\">\n\t\t\t\t\t\t\t\t\t<div class=\"premium-blog-thumb-effect-wrapper\">\n\t\t\t\t\t\t<div class=\"premium-blog-thumbnail-container premium-blog-zoomin-effect\">\n\t\t\t\t\t\t\t<img loading=\"lazy\" decoding=\"async\" width=\"930\" height=\"630\" src=\"https:\/\/voraxlubrificantes.com.br\/wp-content\/uploads\/2025\/12\/Vorax_17.12_Blog.png\" class=\"attachment-full size-full wp-image-3365\" alt=\"\" srcset=\"https:\/\/voraxlubrificantes.com.br\/wp-content\/uploads\/2025\/12\/Vorax_17.12_Blog.png 930w, https:\/\/voraxlubrificantes.com.br\/wp-content\/uploads\/2025\/12\/Vorax_17.12_Blog-300x203.png 300w, https:\/\/voraxlubrificantes.com.br\/wp-content\/uploads\/2025\/12\/Vorax_17.12_Blog-768x520.png 768w, https:\/\/voraxlubrificantes.com.br\/wp-content\/uploads\/2025\/12\/Vorax_17.12_Blog-18x12.png 18w, https:\/\/voraxlubrificantes.com.br\/wp-content\/uploads\/2025\/12\/Vorax_17.12_Blog-200x135.png 200w, https:\/\/voraxlubrificantes.com.br\/wp-content\/uploads\/2025\/12\/Vorax_17.12_Blog-600x406.png 600w, https:\/\/voraxlubrificantes.com.br\/wp-content\/uploads\/2025\/12\/Vorax_17.12_Blog-64x43.png 64w\" sizes=\"(max-width: 930px) 100vw, 930px\" \/>\t\t\t\t\t\t<\/div>\n\t\t\t\t\t\t\t\t\t\t\t\t\t<div class=\"premium-blog-thumbnail-overlay\">\n\t\t\t\t\t\t\t\t<a class=\"elementor-icon\" href=\"https:\/\/voraxlubrificantes.com.br\/en\/o-papel-dos-lubrificantes-no-agronegocio-moderno\/\" target=\"_self\" aria-hidden=\"true\"><span>O papel dos lubrificantes no agroneg\u00f3cio moderno<\/span><\/a>\n\t\t\t\t\t\t\t<\/div>\n\n\t\t\t\t\t\t\t\t\t\t\t\t\t\t\t\t\t\t<\/div>\n\t\t\t\t\t\t\t\t\t\t\t\t<div class=\"premium-blog-content-wrapper\">\n\n\t\t\t\t\t<div class=\"premium-blog-inner-container\">\n\n\t\t\t\t\t\t\t\t\t\t\t\t\t\t<h2 class=\"premium-blog-entry-title\">\n\t\t\t<a href=\"https:\/\/voraxlubrificantes.com.br\/en\/o-papel-dos-lubrificantes-no-agronegocio-moderno\/\" target=\"_self\">\n\t\t\t\tO papel dos lubrificantes no agroneg\u00f3cio moderno\t\t\t<\/a>\n\t\t<\/h2>\n\t\t\t\t<div class=\"premium-blog-entry-meta\">\n\t\t\t\n\t\t\t\t\t\t\t<span class=\"premium-blog-meta-separator\">\u2022<\/span>\n\t\t\t\t<div class=\"premium-blog-post-time premium-blog-meta-data\">\n\t\t\t\t\t<i class=\"fa fa-calendar-alt\" aria-hidden=\"true\"><\/i>\n\t\t\t\t\t<span>8 de December de 2025<\/span>\n\t\t\t\t<\/div>\n\t\t\t\n\t\t\t\n\t\t\t\t\t<\/div>\n\t\t\n\t\t\t\t\t<\/div>\n\n\t\t\t\t\t\t\t<div class=\"premium-blog-content-inner-wrapper\">\n\t\t<p class=\"premium-blog-post-content\">Descubra o papel estrat\u00e9gico dos lubrificantes no agroneg\u00f3cio moderno: desafios, oportunidades e como garantir a performance do maquin\u00e1rio agr\u00edcola com qualidade t\u00e9cnica.<\/p>\t\t<\/div>\n\t\t\t\t\t\t\t\n\t\t\t\t<\/div>\n\t\t\t<\/div>\n\t\t<\/div>\n\n\t\t\t\t<div class=\"premium-blog-post-outer-container\" data-total=\"12\">\n\t\t\t<div class=\"premium-blog-post-container premium-blog-skin-side\">\n\t\t\t\t\t\t\t\t\t<div class=\"premium-blog-thumb-effect-wrapper\">\n\t\t\t\t\t\t<div class=\"premium-blog-thumbnail-container premium-blog-zoomin-effect\">\n\t\t\t\t\t\t\t<img loading=\"lazy\" decoding=\"async\" width=\"930\" height=\"630\" src=\"https:\/\/voraxlubrificantes.com.br\/wp-content\/uploads\/2025\/11\/Vorax_19.11_Blog.png\" class=\"attachment-full size-full wp-image-3361\" alt=\"\" srcset=\"https:\/\/voraxlubrificantes.com.br\/wp-content\/uploads\/2025\/11\/Vorax_19.11_Blog.png 930w, https:\/\/voraxlubrificantes.com.br\/wp-content\/uploads\/2025\/11\/Vorax_19.11_Blog-300x203.png 300w, https:\/\/voraxlubrificantes.com.br\/wp-content\/uploads\/2025\/11\/Vorax_19.11_Blog-768x520.png 768w, https:\/\/voraxlubrificantes.com.br\/wp-content\/uploads\/2025\/11\/Vorax_19.11_Blog-18x12.png 18w, https:\/\/voraxlubrificantes.com.br\/wp-content\/uploads\/2025\/11\/Vorax_19.11_Blog-200x135.png 200w, https:\/\/voraxlubrificantes.com.br\/wp-content\/uploads\/2025\/11\/Vorax_19.11_Blog-600x406.png 600w, https:\/\/voraxlubrificantes.com.br\/wp-content\/uploads\/2025\/11\/Vorax_19.11_Blog-64x43.png 64w\" sizes=\"(max-width: 930px) 100vw, 930px\" \/>\t\t\t\t\t\t<\/div>\n\t\t\t\t\t\t\t\t\t\t\t\t\t<div class=\"premium-blog-thumbnail-overlay\">\n\t\t\t\t\t\t\t\t<a class=\"elementor-icon\" href=\"https:\/\/voraxlubrificantes.com.br\/en\/lubrificante-falso-aprenda-a-identificar-e-proteger-seu-negocio-antes-que-seja-tarde\/\" target=\"_self\" aria-hidden=\"true\"><span>Lubrificante falso? Aprenda a identificar e proteger seu neg\u00f3cio antes que seja tarde<\/span><\/a>\n\t\t\t\t\t\t\t<\/div>\n\n\t\t\t\t\t\t\t\t\t\t\t\t\t\t\t\t\t\t<\/div>\n\t\t\t\t\t\t\t\t\t\t\t\t<div class=\"premium-blog-content-wrapper\">\n\n\t\t\t\t\t<div class=\"premium-blog-inner-container\">\n\n\t\t\t\t\t\t\t\t\t\t\t\t\t\t<h2 class=\"premium-blog-entry-title\">\n\t\t\t<a href=\"https:\/\/voraxlubrificantes.com.br\/en\/lubrificante-falso-aprenda-a-identificar-e-proteger-seu-negocio-antes-que-seja-tarde\/\" target=\"_self\">\n\t\t\t\tLubrificante falso? Aprenda a identificar e proteger seu neg\u00f3cio antes que seja tarde\t\t\t<\/a>\n\t\t<\/h2>\n\t\t\t\t<div class=\"premium-blog-entry-meta\">\n\t\t\t\n\t\t\t\t\t\t\t<span class=\"premium-blog-meta-separator\">\u2022<\/span>\n\t\t\t\t<div class=\"premium-blog-post-time premium-blog-meta-data\">\n\t\t\t\t\t<i class=\"fa fa-calendar-alt\" aria-hidden=\"true\"><\/i>\n\t\t\t\t\t<span>19 de November de 2025<\/span>\n\t\t\t\t<\/div>\n\t\t\t\n\t\t\t\n\t\t\t\t\t<\/div>\n\t\t\n\t\t\t\t\t<\/div>\n\n\t\t\t\t\t\t\t<div class=\"premium-blog-content-inner-wrapper\">\n\t\t<p class=\"premium-blog-post-content\">Descubra como identificar lubrificantes falsificados com seguran\u00e7a, proteger seu neg\u00f3cio e garantir confiabilidade para clientes. Saiba os sinais e pr\u00e1ticas essenciais.<\/p>\t\t<\/div>\n\t\t\t\t\t\t\t\n\t\t\t\t<\/div>\n\t\t\t<\/div>\n\t\t<\/div>\n\n\t\t\t\t<\/div>\n\n\t\t\t\t<div class=\"premium-blog-footer\">\n\t\t\t\t\t\t<nav class=\"premium-blog-pagination-container\" role=\"navigation\" aria-label=\"Pagination\">\n\t\t\t\t<span aria-current=\"page\" class=\"page-numbers current\">1<\/span>\n<a class=\"page-numbers\" href=\"https:\/\/voraxlubrificantes.com.br\/en\/wp-json\/wp\/v2\/pages\/825\/page\/2\/\">2<\/a>\n<a class=\"page-numbers\" href=\"https:\/\/voraxlubrificantes.com.br\/en\/wp-json\/wp\/v2\/pages\/825\/page\/3\/\">3<\/a>\n<span class=\"page-numbers dots\">&hellip;<\/span>\n<a class=\"page-numbers\" href=\"https:\/\/voraxlubrificantes.com.br\/en\/wp-json\/wp\/v2\/pages\/825\/page\/5\/\">5<\/a>\n<a class=\"next page-numbers\" href=\"https:\/\/voraxlubrificantes.com.br\/en\/wp-json\/wp\/v2\/pages\/825\/page\/2\/\">Pr\u00f3ximo \u00bb<\/a>\t\t\t<\/nav>\n\t\t\t\t\t<\/div>\n\t\t\t\t\t<\/div>\n\t\t\t\t<\/div>\n\t\t\t\t\t<\/div>\n\t\t\t\t<\/div>\n\t\t\t\t<\/div>","protected":false},"excerpt":{"rendered":"<p>Not\u00edcias A Import\u00e2ncia Econ\u00f4mica e Ambiental dos Lubrificantes Sustent\u00e1veis A Import\u00e2ncia Econ\u00f4mica e Ambiental dos Lubrificantes Sustent\u00e1veis \u2022 19 de mar\u00e7o de 2024 Aqui voc\u00ea vai encontrar: O que engloba o conceito de lubrificante sustent\u00e1vel; Qual a import\u00e2ncia econ\u00f4mica e ambiental dos lubrificantes sustent\u00e1veis; Como a Energis 8 Agroqu\u00edmica trabalha a sustentabilidade na fabrica\u00e7\u00e3o dos&hellip;&nbsp;<a href=\"https:\/\/voraxlubrificantes.com.br\/en\/lubrificante-falso-aprenda-a-identificar-e-proteger-seu-negocio-antes-que-seja-tarde\/\" class=\"\" rel=\"bookmark\">Read More &raquo;<span class=\"screen-reader-text\">Lubrificante falso? Aprenda a identificar e proteger seu neg\u00f3cio antes que seja tarde<\/span><\/a><\/p>","protected":false},"author":1,"featured_media":0,"parent":0,"menu_order":0,"comment_status":"closed","ping_status":"closed","template":"page-templates\/template-pagebuilder-full-width.php","meta":{"neve_meta_sidebar":"","neve_meta_container":"","neve_meta_enable_content_width":"","neve_meta_content_width":0,"neve_meta_title_alignment":"","neve_meta_author_avatar":"","neve_post_elements_order":"","neve_meta_disable_header":"","neve_meta_disable_footer":"","neve_meta_disable_title":"","footnotes":""},"class_list":["post-825","page","type-page","status-publish","hentry"],"_links":{"self":[{"href":"https:\/\/voraxlubrificantes.com.br\/en\/wp-json\/wp\/v2\/pages\/825","targetHints":{"allow":["GET"]}}],"collection":[{"href":"https:\/\/voraxlubrificantes.com.br\/en\/wp-json\/wp\/v2\/pages"}],"about":[{"href":"https:\/\/voraxlubrificantes.com.br\/en\/wp-json\/wp\/v2\/types\/page"}],"author":[{"embeddable":true,"href":"https:\/\/voraxlubrificantes.com.br\/en\/wp-json\/wp\/v2\/users\/1"}],"replies":[{"embeddable":true,"href":"https:\/\/voraxlubrificantes.com.br\/en\/wp-json\/wp\/v2\/comments?post=825"}],"version-history":[{"count":43,"href":"https:\/\/voraxlubrificantes.com.br\/en\/wp-json\/wp\/v2\/pages\/825\/revisions"}],"predecessor-version":[{"id":3214,"href":"https:\/\/voraxlubrificantes.com.br\/en\/wp-json\/wp\/v2\/pages\/825\/revisions\/3214"}],"wp:attachment":[{"href":"https:\/\/voraxlubrificantes.com.br\/en\/wp-json\/wp\/v2\/media?parent=825"}],"curies":[{"name":"wp","href":"https:\/\/api.w.org\/{rel}","templated":true}]}}