{"id":3259,"date":"2024-05-13T09:07:38","date_gmt":"2024-05-13T12:07:38","guid":{"rendered":"https:\/\/voraxlubrificantes.com.br\/?post_type=product&#038;p=3259"},"modified":"2024-05-13T09:13:00","modified_gmt":"2024-05-13T12:13:00","slug":"vorax-synthetic-sp","status":"publish","type":"product","link":"https:\/\/voraxlubrificantes.com.br\/en\/product\/vorax-synthetic-sp\/","title":{"rendered":"Vorax Synthetic SP"},"content":{"rendered":"","protected":false},"excerpt":{"rendered":"<p>Lubrificante multiviscoso 100% sint\u00e9tico, especialmente desenvolvido para atender aos requerimentos dos mais modernos motores movidos \u00e0 gasolina, etanol, bicombust\u00edvel e GNV. Sua f\u00f3rmula sint\u00e9tica altamente balanceada proporciona maior efici\u00eancia energ\u00e9tica (fuel economy), reduzindo o consumo de combust\u00edvel, al\u00e9m de proporcionar um menor desgaste do motor durante a partida a frio.<\/p>\n<p>VORAX SYNTHETIC SP<br \/>\n<strong>Atende \u00e0s especifica\u00e7\u00f5es:<\/strong> API SP\/ ILSAC GF-6A\/ WSS-M2C960-A1<br \/>\n<strong>Dispon\u00edvel nas viscosidades:<\/strong> SAE 5W-30 e 0w-20<br \/>\n<strong>Embalagens:<\/strong> Granel \u2013 12x1L \u2013 200L \u2013 CT. 1000L<\/p>","protected":false},"featured_media":3265,"template":"","meta":{"neve_meta_sidebar":"","neve_meta_container":"","neve_meta_enable_content_width":"off","neve_meta_content_width":100,"neve_meta_title_alignment":"","neve_meta_author_avatar":"","neve_post_elements_order":"","neve_meta_disable_header":"","neve_meta_disable_footer":"","neve_meta_disable_title":""},"product_cat":[26,27],"product_tag":[31,57],"class_list":{"0":"post-3259","1":"product","2":"type-product","3":"status-publish","4":"has-post-thumbnail","6":"product_cat-lubrificantes","7":"product_cat-veiculos-leves","8":"product_tag-sinteticos","9":"product_tag-sp","11":"first","12":"instock","13":"shipping-taxable","14":"product-type-simple"},"_links":{"self":[{"href":"https:\/\/voraxlubrificantes.com.br\/en\/wp-json\/wp\/v2\/product\/3259","targetHints":{"allow":["GET"]}}],"collection":[{"href":"https:\/\/voraxlubrificantes.com.br\/en\/wp-json\/wp\/v2\/product"}],"about":[{"href":"https:\/\/voraxlubrificantes.com.br\/en\/wp-json\/wp\/v2\/types\/product"}],"wp:featuredmedia":[{"embeddable":true,"href":"https:\/\/voraxlubrificantes.com.br\/en\/wp-json\/wp\/v2\/media\/3265"}],"wp:attachment":[{"href":"https:\/\/voraxlubrificantes.com.br\/en\/wp-json\/wp\/v2\/media?parent=3259"}],"wp:term":[{"taxonomy":"product_cat","embeddable":true,"href":"https:\/\/voraxlubrificantes.com.br\/en\/wp-json\/wp\/v2\/product_cat?post=3259"},{"taxonomy":"product_tag","embeddable":true,"href":"https:\/\/voraxlubrificantes.com.br\/en\/wp-json\/wp\/v2\/product_tag?post=3259"}],"curies":[{"name":"wp","href":"https:\/\/api.w.org\/{rel}","templated":true}]}}