{"id":3267,"date":"2024-05-13T09:19:07","date_gmt":"2024-05-13T12:19:07","guid":{"rendered":"https:\/\/voraxlubrificantes.com.br\/?post_type=product&#038;p=3267"},"modified":"2024-05-13T09:27:24","modified_gmt":"2024-05-13T12:27:24","slug":"maxi-atf-dexron-vi","status":"publish","type":"product","link":"https:\/\/voraxlubrificantes.com.br\/en\/product\/maxi-atf-dexron-vi\/","title":{"rendered":"MAXI ATF Dexron VI"},"content":{"rendered":"","protected":false},"excerpt":{"rendered":"<p>\u00d3leo lubrificante indicado para transmiss\u00f5es autom\u00e1ticas e dire\u00e7\u00f5es hidr\u00e1ulicas. Por suas propriedades antidesgastante e anticorrosiva, promove maior prote\u00e7\u00e3o \u00e0s partes lubrificadas, minimizando os danos causados pelas severas condi\u00e7\u00f5es de opera\u00e7\u00f5es a que s\u00e3o submetidos os sistemas de transmiss\u00e3o autom\u00e1tica, protegendo as partes met\u00e1licas de oxida\u00e7\u00e3o precoce. Possui elevado indice de viscosidade e baixo ponto de fluidez, proporcionando alto desempenho, tanto em baixas, quanto em altas temperaturas.<\/p>\n<p><strong>Atende as especifica\u00e7\u00f5es:<\/strong> DEXRON VI\/TL 052 162 &#8211; X\/Y\/TL 052 540 &#8211; B\/Mercon LV\/ JASO 1-A\/ 1A-LV\/ ATF DW-1\/ Hyundai SP-IV\/ MB 236.12 \/ 14 \/ 15\/ 16\/ 17\/ ATF J3 \/ Toyota ws \/ jws 3324.<\/p>\n<p><strong>Embalagens:<\/strong> Granel \u2013 12x1L \u2013 200L \u2013 CT. 1000L<\/p>","protected":false},"featured_media":3261,"template":"","meta":{"neve_meta_sidebar":"","neve_meta_container":"","neve_meta_enable_content_width":"off","neve_meta_content_width":100,"neve_meta_title_alignment":"","neve_meta_author_avatar":"","neve_post_elements_order":"","neve_meta_disable_header":"","neve_meta_disable_footer":"","neve_meta_disable_title":""},"product_cat":[44,26,34],"product_tag":[36,58],"class_list":{"0":"post-3267","1":"product","2":"type-product","3":"status-publish","4":"has-post-thumbnail","6":"product_cat-direcoes-hidraulicas-transmissoes-automaticas","7":"product_cat-lubrificantes","8":"product_cat-transmissoes-automaticas","9":"product_tag-direcao-hidraulica","10":"product_tag-transmissao-automatica","12":"first","13":"instock","14":"shipping-taxable","15":"product-type-simple"},"_links":{"self":[{"href":"https:\/\/voraxlubrificantes.com.br\/en\/wp-json\/wp\/v2\/product\/3267","targetHints":{"allow":["GET"]}}],"collection":[{"href":"https:\/\/voraxlubrificantes.com.br\/en\/wp-json\/wp\/v2\/product"}],"about":[{"href":"https:\/\/voraxlubrificantes.com.br\/en\/wp-json\/wp\/v2\/types\/product"}],"wp:featuredmedia":[{"embeddable":true,"href":"https:\/\/voraxlubrificantes.com.br\/en\/wp-json\/wp\/v2\/media\/3261"}],"wp:attachment":[{"href":"https:\/\/voraxlubrificantes.com.br\/en\/wp-json\/wp\/v2\/media?parent=3267"}],"wp:term":[{"taxonomy":"product_cat","embeddable":true,"href":"https:\/\/voraxlubrificantes.com.br\/en\/wp-json\/wp\/v2\/product_cat?post=3267"},{"taxonomy":"product_tag","embeddable":true,"href":"https:\/\/voraxlubrificantes.com.br\/en\/wp-json\/wp\/v2\/product_tag?post=3267"}],"curies":[{"name":"wp","href":"https:\/\/api.w.org\/{rel}","templated":true}]}}