{"id":3268,"date":"2024-05-13T09:27:50","date_gmt":"2024-05-13T12:27:50","guid":{"rendered":"https:\/\/voraxlubrificantes.com.br\/?post_type=product&#038;p=3268"},"modified":"2024-05-13T09:33:54","modified_gmt":"2024-05-13T12:33:54","slug":"maxi-gear-top-gl-5-75w-90","status":"publish","type":"product","link":"https:\/\/voraxlubrificantes.com.br\/en\/product\/maxi-gear-top-gl-5-75w-90\/","title":{"rendered":"MAXI Gear Top GL-5 75W-90"},"content":{"rendered":"","protected":false},"excerpt":{"rendered":"<p>\u00d3leo lubrificante sint\u00e9tico multiviscoso de alta performance, formulado a partir de bases sint\u00e9ticas e pacote de aditivos de alta qualidade. Indicado para aplica\u00e7\u00f5es em eixos diferenciais leves e pesados, caixas de transmiss\u00e3o e caixas de mudan\u00e7a de velocidade. Proporciona maior prote\u00e7\u00e3o antidesgaste, anticorrosiva e antioxidante, al\u00e9m de excelente estabilidade t\u00e9rmica mesmo em uso severo, em fun\u00e7\u00e3o do aditivo de extrema press\u00e3o.<\/p>\n<p><strong>Atende ao n\u00edvel de desempenho\/classifica\u00e7\u00e3o:<\/strong> API GL-5, SAE J2360: MACK GO-J, ZFTE ML-074&amp;ZF TE ML-08<br \/>\n<strong>Atende \u00e0 Especifica\u00e7\u00e3o:<\/strong> API GL-5<br \/>\n<strong>Dispon\u00edvel nas Viscosidades SAE:<\/strong> 75W-90<br \/>\n<strong>Embalagens:<\/strong> Granel \u2013 12x1L -20L\u2013 200L \u2013 CT. 1000L<\/p>","protected":false},"featured_media":3262,"template":"","meta":{"neve_meta_sidebar":"","neve_meta_container":"","neve_meta_enable_content_width":"off","neve_meta_content_width":100,"neve_meta_title_alignment":"","neve_meta_author_avatar":"","neve_post_elements_order":"","neve_meta_disable_header":"","neve_meta_disable_footer":"","neve_meta_disable_title":""},"product_cat":[43,26],"product_tag":[37],"class_list":{"0":"post-3268","1":"product","2":"type-product","3":"status-publish","4":"has-post-thumbnail","6":"product_cat-engrenagens-automotivas","7":"product_cat-lubrificantes","8":"product_tag-engrenagens-automotivas","10":"first","11":"instock","12":"shipping-taxable","13":"product-type-simple"},"_links":{"self":[{"href":"https:\/\/voraxlubrificantes.com.br\/en\/wp-json\/wp\/v2\/product\/3268","targetHints":{"allow":["GET"]}}],"collection":[{"href":"https:\/\/voraxlubrificantes.com.br\/en\/wp-json\/wp\/v2\/product"}],"about":[{"href":"https:\/\/voraxlubrificantes.com.br\/en\/wp-json\/wp\/v2\/types\/product"}],"wp:featuredmedia":[{"embeddable":true,"href":"https:\/\/voraxlubrificantes.com.br\/en\/wp-json\/wp\/v2\/media\/3262"}],"wp:attachment":[{"href":"https:\/\/voraxlubrificantes.com.br\/en\/wp-json\/wp\/v2\/media?parent=3268"}],"wp:term":[{"taxonomy":"product_cat","embeddable":true,"href":"https:\/\/voraxlubrificantes.com.br\/en\/wp-json\/wp\/v2\/product_cat?post=3268"},{"taxonomy":"product_tag","embeddable":true,"href":"https:\/\/voraxlubrificantes.com.br\/en\/wp-json\/wp\/v2\/product_tag?post=3268"}],"curies":[{"name":"wp","href":"https:\/\/api.w.org\/{rel}","templated":true}]}}